{"id":4023,"date":"2024-04-21T15:12:40","date_gmt":"2024-04-21T15:12:40","guid":{"rendered":"https:\/\/besttoursinmorocco.com\/resenas-de-best-tours-in-morocco\/"},"modified":"2025-05-19T12:22:58","modified_gmt":"2025-05-19T12:22:58","slug":"resenas-de-best-tours-in-morocco","status":"publish","type":"page","link":"https:\/\/besttoursinmorocco.com\/es\/resenas-de-best-tours-in-morocco\/","title":{"rendered":"Rese\u00f1as de Best Tours In Morocco"},"content":{"rendered":"\t\t<div data-elementor-type=\"wp-page\" data-elementor-id=\"4023\" class=\"elementor elementor-4023 elementor-1443\" data-elementor-post-type=\"page\">\n\t\t\t\t<div class=\"elementor-element elementor-element-9bfe513 e-flex e-con-boxed e-con e-parent\" data-id=\"9bfe513\" data-element_type=\"container\">\n\t\t\t\t\t<div class=\"e-con-inner\">\n\t\t<div class=\"elementor-element elementor-element-7c0acea e-flex e-con-boxed e-con e-child\" data-id=\"7c0acea\" data-element_type=\"container\">\n\t\t\t\t\t<div class=\"e-con-inner\">\n\t\t\t\t<div class=\"elementor-element elementor-element-4ed324ff elementor-widget elementor-widget-heading\" data-id=\"4ed324ff\" data-element_type=\"widget\" data-widget_type=\"heading.default\">\n\t\t\t\t<div class=\"elementor-widget-container\">\n\t\t\t\t\t<h1 class=\"elementor-heading-title elementor-size-default\">Opiniones de los clientes<\/h1>\t\t\t\t<\/div>\n\t\t\t\t<\/div>\n\t\t\t\t<div class=\"elementor-element elementor-element-9a60131 elementor-testimonial--align-left elementor-testimonial--skin-default elementor-testimonial--layout-image_inline elementor-pagination-type-bullets elementor-widget elementor-widget-testimonial-carousel\" data-id=\"9a60131\" data-element_type=\"widget\" data-settings=\"{&quot;speed&quot;:300,&quot;lazyload&quot;:&quot;yes&quot;,&quot;pagination&quot;:&quot;bullets&quot;,&quot;loop&quot;:&quot;yes&quot;,&quot;space_between&quot;:{&quot;unit&quot;:&quot;px&quot;,&quot;size&quot;:10,&quot;sizes&quot;:[]},&quot;space_between_tablet&quot;:{&quot;unit&quot;:&quot;px&quot;,&quot;size&quot;:10,&quot;sizes&quot;:[]},&quot;space_between_mobile&quot;:{&quot;unit&quot;:&quot;px&quot;,&quot;size&quot;:10,&quot;sizes&quot;:[]}}\" data-widget_type=\"testimonial-carousel.default\">\n\t\t\t\t<div class=\"elementor-widget-container\">\n\t\t\t\t\t\t\t\t\t<div class=\"elementor-swiper\">\n\t\t\t\t\t<div class=\"elementor-main-swiper swiper\" role=\"region\" aria-roledescription=\"carousel\" aria-label=\"Slides\">\n\t\t\t\t<div class=\"swiper-wrapper\">\n\t\t\t\t\t\t\t\t\t\t\t<div class=\"swiper-slide\" role=\"group\" aria-roledescription=\"slide\">\n\t\t\t\t\t\t\t\t\t<div class=\"elementor-testimonial\">\n\t\t\t\t\t\t\t<div class=\"elementor-testimonial__content\">\n\t\t\t\t\t<div class=\"elementor-testimonial__text\">\n\t\t\t\t\t\t<p>Gran tour, fuimos con camellos al campamento para pasar la noche en el desierto. A mitad de camino hicimos una peque\u00f1a pausa para sacar fotos y hacer sandboard, \u00a1fant\u00e1stico! Al d\u00eda siguiente nos levantamos temprano para ver el amanecer, fue precioso. En el camino de vuelta s\u00f3lo est\u00e1bamos mi hijo y yo en los camellos con Hassan. Pasamos un rato estupendo disfrutando de las preciosas vistas del desierto de Merzouga. Estuvo muy bien organizado. Cuando volvamos, sin duda volveremos con esta excursi\u00f3n. \u00a1Un gran saludo a Hassan! Gracias por esta maravillosa experiencia.<\/p>\n\t\t\t\t\t<\/div>\n\t\t\t\t\t\t\t\t\t<\/div>\n\t\t\t\t\t\t<div class=\"elementor-testimonial__footer\">\n\t\t\t\t\t\t\t\t<cite class=\"elementor-testimonial__cite\"><span class=\"elementor-testimonial__name\">Linda<\/span><span class=\"elementor-testimonial__title\">Italia<\/span><\/cite>\t\t\t<\/div>\n\t\t<\/div>\n\t\t\t\t\t\t\t\t<\/div>\n\t\t\t\t\t\t\t\t\t<\/div>\n\t\t\t\t\t\t\t<\/div>\n\t\t\t\t<\/div>\n\t\t\t\t\t\t\t\t<\/div>\n\t\t\t\t<\/div>\n\t\t\t\t\t<\/div>\n\t\t\t\t<\/div>\n\t\t\t\t\t<\/div>\n\t\t\t\t<\/div>\n\t\t\t\t<\/div>\n\t\t","protected":false},"excerpt":{"rendered":"<p>Opiniones de los clientes Gran tour, fuimos con camellos al campamento para pasar la noche en el desierto. A mitad de camino hicimos una peque\u00f1a pausa para sacar fotos y hacer sandboard, \u00a1fant\u00e1stico! Al d\u00eda siguiente nos levantamos temprano para ver el amanecer, fue precioso. En el camino de vuelta s\u00f3lo est\u00e1bamos mi hijo y [&hellip;]<\/p>\n","protected":false},"author":1,"featured_media":0,"parent":0,"menu_order":0,"comment_status":"closed","ping_status":"closed","template":"","meta":{"footnotes":""},"class_list":["post-4023","page","type-page","status-publish","hentry"],"_links":{"self":[{"href":"https:\/\/besttoursinmorocco.com\/es\/wp-json\/wp\/v2\/pages\/4023","targetHints":{"allow":["GET"]}}],"collection":[{"href":"https:\/\/besttoursinmorocco.com\/es\/wp-json\/wp\/v2\/pages"}],"about":[{"href":"https:\/\/besttoursinmorocco.com\/es\/wp-json\/wp\/v2\/types\/page"}],"author":[{"embeddable":true,"href":"https:\/\/besttoursinmorocco.com\/es\/wp-json\/wp\/v2\/users\/1"}],"replies":[{"embeddable":true,"href":"https:\/\/besttoursinmorocco.com\/es\/wp-json\/wp\/v2\/comments?post=4023"}],"version-history":[{"count":21,"href":"https:\/\/besttoursinmorocco.com\/es\/wp-json\/wp\/v2\/pages\/4023\/revisions"}],"predecessor-version":[{"id":10652,"href":"https:\/\/besttoursinmorocco.com\/es\/wp-json\/wp\/v2\/pages\/4023\/revisions\/10652"}],"wp:attachment":[{"href":"https:\/\/besttoursinmorocco.com\/es\/wp-json\/wp\/v2\/media?parent=4023"}],"curies":[{"name":"wp","href":"https:\/\/api.w.org\/{rel}","templated":true}]}}