{"id":4033,"date":"2024-04-07T14:16:11","date_gmt":"2024-04-07T14:16:11","guid":{"rendered":"https:\/\/besttoursinmorocco.com\/colaboraciones-con-influencers\/"},"modified":"2025-04-11T11:58:13","modified_gmt":"2025-04-11T11:58:13","slug":"colaboraciones-con-influencers","status":"publish","type":"page","link":"https:\/\/besttoursinmorocco.com\/es\/colaboraciones-con-influencers\/","title":{"rendered":"Colaboraciones con Influencers"},"content":{"rendered":"\t\t<div data-elementor-type=\"wp-page\" data-elementor-id=\"4033\" class=\"elementor elementor-4033 elementor-1249\" data-elementor-post-type=\"page\">\n\t\t\t\t<div class=\"elementor-element elementor-element-cc4afec e-flex e-con-boxed e-con e-parent\" data-id=\"cc4afec\" data-element_type=\"container\">\n\t\t\t\t\t<div class=\"e-con-inner\">\n\t\t<div class=\"elementor-element elementor-element-9b532e0 e-con-full e-flex e-con e-child\" data-id=\"9b532e0\" data-element_type=\"container\">\n\t\t\t\t<div class=\"elementor-element elementor-element-63798bc5 elementor-widget elementor-widget-heading\" data-id=\"63798bc5\" data-element_type=\"widget\" data-widget_type=\"heading.default\">\n\t\t\t\t<div class=\"elementor-widget-container\">\n\t\t\t\t\t<h1 class=\"elementor-heading-title elementor-size-default\">Colaboraci\u00f3n Con Influyentes<\/h1>\t\t\t\t<\/div>\n\t\t\t\t<\/div>\n\t\t<div class=\"elementor-element elementor-element-1618cf2 e-grid e-con-full e-con e-child\" data-id=\"1618cf2\" data-element_type=\"container\">\n\t\t\t\t<div class=\"elementor-element elementor-element-d1a851f elementor-widget elementor-widget-text-editor\" data-id=\"d1a851f\" data-element_type=\"widget\" data-widget_type=\"text-editor.default\">\n\t\t\t\t<div class=\"elementor-widget-container\">\n\t\t\t\t\t\t\t\t\t<p>Si eres un amante de los viajes al que le encanta compartir sus aventuras con el mundo, no importa si eres un creador de redes sociales, creador de contenido o blogger, nos gustar\u00eda charlar contigo.<\/p>\n<p>En Best Tours in Morocco, estamos interesados en compartir la belleza de nuestro pa\u00eds, la aventura y la cultura con viajeros de todo el mundo.<\/p>\n<p>Vamos a explorar c\u00f3mo podemos trabajar juntos para crear contenido incre\u00edble y experiencias de viaje inolvidables, e inspirar a su audiencia. Si usted est\u00e1 interesado, por favor utilice el siguiente formulario o WhatsApp nosotros, ll\u00e1menos al \u00a0<a href=\"tel:212616074680\">+212616074680<\/a>\u00a0 para iniciar una asociaci\u00f3n emocionante para comenzar su viaje de ensue\u00f1o de Marruecos con Best Tours en Marruecos.<\/p>\n\t\t\t\t\t\t\t\t<\/div>\n\t\t\t\t<\/div>\n\t\t\t\t<div class=\"elementor-element elementor-element-2f06d884 elementor-widget elementor-widget-image\" data-id=\"2f06d884\" data-element_type=\"widget\" data-widget_type=\"image.default\">\n\t\t\t\t<div class=\"elementor-widget-container\">\n\t\t\t\t\t\t\t\t\t\t\t\t\t\t\t<img fetchpriority=\"high\" decoding=\"async\" width=\"800\" height=\"800\" src=\"https:\/\/besttoursinmorocco.com\/wp-content\/uploads\/2025\/04\/influencer-collaborations.jpg\" class=\"attachment-large size-large wp-image-9936\" alt=\"influencer collaboration\" srcset=\"https:\/\/besttoursinmorocco.com\/wp-content\/uploads\/2025\/04\/influencer-collaborations.jpg 800w, https:\/\/besttoursinmorocco.com\/wp-content\/uploads\/2025\/04\/influencer-collaborations-300x300.jpg 300w, https:\/\/besttoursinmorocco.com\/wp-content\/uploads\/2025\/04\/influencer-collaborations-150x150.jpg 150w, https:\/\/besttoursinmorocco.com\/wp-content\/uploads\/2025\/04\/influencer-collaborations-768x768.jpg 768w\" sizes=\"(max-width: 800px) 100vw, 800px\" \/>\t\t\t\t\t\t\t\t\t\t\t\t\t\t\t<\/div>\n\t\t\t\t<\/div>\n\t\t\t\t<\/div>\n\t\t\t\t<\/div>\n\t\t\t\t\t<\/div>\n\t\t\t\t<\/div>\n\t\t<div class=\"elementor-element elementor-element-e486303 e-flex e-con-boxed e-con e-parent\" data-id=\"e486303\" data-element_type=\"container\">\n\t\t\t\t\t<div class=\"e-con-inner\">\n\t\t\t\t<div class=\"elementor-element elementor-element-2265cf5 elementor-widget elementor-widget-heading\" data-id=\"2265cf5\" data-element_type=\"widget\" data-widget_type=\"heading.default\">\n\t\t\t\t<div class=\"elementor-widget-container\">\n\t\t\t\t\t<h2 class=\"elementor-heading-title elementor-size-default\">Cont\u00e1ctenos<\/h2>\t\t\t\t<\/div>\n\t\t\t\t<\/div>\n\t\t\t\t<div class=\"elementor-element elementor-element-d8f458e elementor-widget elementor-widget-text-editor\" data-id=\"d8f458e\" data-element_type=\"widget\" data-widget_type=\"text-editor.default\">\n\t\t\t\t<div class=\"elementor-widget-container\">\n\t\t\t\t\t\t\t\t\t<p>Empiece hoy mismo el viaje de sus sue\u00f1os por Marruecos<\/p>\n\t\t\t\t\t\t\t\t<\/div>\n\t\t\t\t<\/div>\n\t\t\t\t<div class=\"elementor-element elementor-element-a68196f elementor-button-align-stretch elementor-widget elementor-widget-form\" data-id=\"a68196f\" data-element_type=\"widget\" data-settings=\"{&quot;step_next_label&quot;:&quot;Pr\\u00f3ximo&quot;,&quot;step_previous_label&quot;:&quot;Previous&quot;,&quot;button_width&quot;:&quot;100&quot;,&quot;step_type&quot;:&quot;number_text&quot;,&quot;step_icon_shape&quot;:&quot;circle&quot;}\" data-widget_type=\"form.default\">\n\t\t\t\t<div class=\"elementor-widget-container\">\n\t\t\t\t\t\t\t<form class=\"elementor-form\" method=\"post\" name=\"Forma de contacto\">\n\t\t\t<input type=\"hidden\" name=\"post_id\" value=\"4033\"\/>\n\t\t\t<input type=\"hidden\" name=\"form_id\" value=\"a68196f\"\/>\n\t\t\t<input type=\"hidden\" name=\"referer_title\" value=\"\" \/>\n\n\t\t\t\n\t\t\t<div class=\"elementor-form-fields-wrapper elementor-labels-above\">\n\t\t\t\t\t\t\t\t<div class=\"elementor-field-type-text elementor-field-group elementor-column elementor-field-group-name elementor-col-50 elementor-field-required elementor-mark-required\">\n\t\t\t\t\t\t\t\t\t\t\t\t<label for=\"form-field-name\" class=\"elementor-field-label\">\n\t\t\t\t\t\t\t\tNombre\t\t\t\t\t\t\t<\/label>\n\t\t\t\t\t\t\t\t\t\t\t\t\t\t<input size=\"1\" type=\"text\" name=\"form_fields[name]\" id=\"form-field-name\" class=\"elementor-field elementor-size-sm  elementor-field-textual\" required=\"required\">\n\t\t\t\t\t\t\t\t\t\t\t<\/div>\n\t\t\t\t\t\t\t\t<div class=\"elementor-field-type-text elementor-field-group elementor-column elementor-field-group-field_d671041 elementor-col-50 elementor-field-required elementor-mark-required\">\n\t\t\t\t\t\t\t\t\t\t\t\t<label for=\"form-field-field_d671041\" class=\"elementor-field-label\">\n\t\t\t\t\t\t\t\tApellido\t\t\t\t\t\t\t<\/label>\n\t\t\t\t\t\t\t\t\t\t\t\t\t\t<input size=\"1\" type=\"text\" name=\"form_fields[field_d671041]\" id=\"form-field-field_d671041\" class=\"elementor-field elementor-size-sm  elementor-field-textual\" required=\"required\">\n\t\t\t\t\t\t\t\t\t\t\t<\/div>\n\t\t\t\t\t\t\t\t<div class=\"elementor-field-type-email elementor-field-group elementor-column elementor-field-group-email elementor-col-100 elementor-field-required elementor-mark-required\">\n\t\t\t\t\t\t\t\t\t\t\t\t<label for=\"form-field-email\" class=\"elementor-field-label\">\n\t\t\t\t\t\t\t\tEmail\t\t\t\t\t\t\t<\/label>\n\t\t\t\t\t\t\t\t\t\t\t\t\t\t<input size=\"1\" type=\"email\" name=\"form_fields[email]\" id=\"form-field-email\" class=\"elementor-field elementor-size-sm  elementor-field-textual\" required=\"required\">\n\t\t\t\t\t\t\t\t\t\t\t<\/div>\n\t\t\t\t\t\t\t\t<div class=\"elementor-field-type-number elementor-field-group elementor-column elementor-field-group-field_b931d91 elementor-col-50 elementor-field-required elementor-mark-required\">\n\t\t\t\t\t\t\t\t\t\t\t\t<label for=\"form-field-field_b931d91\" class=\"elementor-field-label\">\n\t\t\t\t\t\t\t\tN\u00famero de adultos\t\t\t\t\t\t\t<\/label>\n\t\t\t\t\t\t\t\t\t<input type=\"number\" name=\"form_fields[field_b931d91]\" id=\"form-field-field_b931d91\" class=\"elementor-field elementor-size-sm  elementor-field-textual\" required=\"required\" min=\"\" max=\"\" >\n\t\t\t\t\t\t<\/div>\n\t\t\t\t\t\t\t\t<div class=\"elementor-field-type-number elementor-field-group elementor-column elementor-field-group-field_e20fe5e elementor-col-50 elementor-field-required elementor-mark-required\">\n\t\t\t\t\t\t\t\t\t\t\t\t<label for=\"form-field-field_e20fe5e\" class=\"elementor-field-label\">\n\t\t\t\t\t\t\t\tN\u00famero de ni\u00f1os\t\t\t\t\t\t\t<\/label>\n\t\t\t\t\t\t\t\t\t<input type=\"number\" name=\"form_fields[field_e20fe5e]\" id=\"form-field-field_e20fe5e\" class=\"elementor-field elementor-size-sm  elementor-field-textual\" required=\"required\" min=\"\" max=\"\" >\n\t\t\t\t\t\t<\/div>\n\t\t\t\t\t\t\t\t<div class=\"elementor-field-type-date elementor-field-group elementor-column elementor-field-group-field_19cfc3b elementor-col-50 elementor-field-required elementor-mark-required\">\n\t\t\t\t\t\t\t\t\t\t\t\t<label for=\"form-field-field_19cfc3b\" class=\"elementor-field-label\">\n\t\t\t\t\t\t\t\tFecha de la gira\t\t\t\t\t\t\t<\/label>\n\t\t\t\t\t\t\n\t\t<input type=\"date\" name=\"form_fields[field_19cfc3b]\" id=\"form-field-field_19cfc3b\" class=\"elementor-field elementor-size-sm  elementor-field-textual elementor-date-field elementor-use-native\" placeholder=\"mm\/dd\/yyy\" required=\"required\" pattern=\"[0-9]{4}-[0-9]{2}-[0-9]{2}\">\n\t\t\t\t\t\t<\/div>\n\t\t\t\t\t\t\t\t<div class=\"elementor-field-type-text elementor-field-group elementor-column elementor-field-group-field_f2c3372 elementor-col-50 elementor-field-required elementor-mark-required\">\n\t\t\t\t\t\t\t\t\t\t\t\t<label for=\"form-field-field_f2c3372\" class=\"elementor-field-label\">\n\t\t\t\t\t\t\t\tPa\u00eds\t\t\t\t\t\t\t<\/label>\n\t\t\t\t\t\t\t\t\t\t\t\t\t\t<input size=\"1\" type=\"text\" name=\"form_fields[field_f2c3372]\" id=\"form-field-field_f2c3372\" class=\"elementor-field elementor-size-sm  elementor-field-textual\" required=\"required\">\n\t\t\t\t\t\t\t\t\t\t\t<\/div>\n\t\t\t\t\t\t\t\t<div class=\"elementor-field-type-textarea elementor-field-group elementor-column elementor-field-group-message elementor-col-100 elementor-field-required elementor-mark-required\">\n\t\t\t\t\t\t\t\t\t\t\t\t<label for=\"form-field-message\" class=\"elementor-field-label\">\n\t\t\t\t\t\t\t\tMensaje\t\t\t\t\t\t\t<\/label>\n\t\t\t\t\t\t<textarea class=\"elementor-field-textual elementor-field  elementor-size-sm\" name=\"form_fields[message]\" id=\"form-field-message\" rows=\"4\" placeholder=\"Cu\u00e9ntanos Sobre Tu Tour So\u00f1ado Por Marruecos...\" required=\"required\"><\/textarea>\t\t\t\t<\/div>\n\t\t\t\t\t\t\t\t<div class=\"elementor-field-type-recaptcha elementor-field-group elementor-column elementor-field-group-field_31fb9da elementor-col-100\">\n\t\t\t\t\t<div class=\"elementor-field\" id=\"form-field-field_31fb9da\"><div class=\"elementor-g-recaptcha\" data-sitekey=\"6LeUTSIqAAAAAIqomA_yR8zdcpL2zfh2-TRJPvsH\" data-type=\"v2_checkbox\" data-theme=\"light\" data-size=\"normal\"><\/div><\/div>\t\t\t\t<\/div>\n\t\t\t\t\t\t\t\t<div class=\"elementor-field-group elementor-column elementor-field-type-submit elementor-col-100 e-form__buttons\">\n\t\t\t\t\t<button class=\"elementor-button elementor-size-sm\" type=\"submit\">\n\t\t\t\t\t\t<span class=\"elementor-button-content-wrapper\">\n\t\t\t\t\t\t\t\t\t\t\t\t\t\t\t\t\t\t\t\t\t\t<span class=\"elementor-button-text\">Enviar<\/span>\n\t\t\t\t\t\t\t\t\t\t\t\t\t<\/span>\n\t\t\t\t\t<\/button>\n\t\t\t\t<\/div>\n\t\t\t<\/div>\n\t\t<\/form>\n\t\t\t\t\t\t<\/div>\n\t\t\t\t<\/div>\n\t\t\t\t\t<\/div>\n\t\t\t\t<\/div>\n\t\t\t\t<\/div>\n\t\t","protected":false},"excerpt":{"rendered":"<p>Colaboraci\u00f3n Con Influyentes Si eres un amante de los viajes al que le encanta compartir sus aventuras con el mundo, no importa si eres un creador de redes sociales, creador de contenido o blogger, nos gustar\u00eda charlar contigo. En Best Tours in Morocco, estamos interesados en compartir la belleza de nuestro pa\u00eds, la aventura y [&hellip;]<\/p>\n","protected":false},"author":1,"featured_media":0,"parent":0,"menu_order":0,"comment_status":"closed","ping_status":"closed","template":"","meta":{"footnotes":""},"class_list":["post-4033","page","type-page","status-publish","hentry"],"_links":{"self":[{"href":"https:\/\/besttoursinmorocco.com\/es\/wp-json\/wp\/v2\/pages\/4033","targetHints":{"allow":["GET"]}}],"collection":[{"href":"https:\/\/besttoursinmorocco.com\/es\/wp-json\/wp\/v2\/pages"}],"about":[{"href":"https:\/\/besttoursinmorocco.com\/es\/wp-json\/wp\/v2\/types\/page"}],"author":[{"embeddable":true,"href":"https:\/\/besttoursinmorocco.com\/es\/wp-json\/wp\/v2\/users\/1"}],"replies":[{"embeddable":true,"href":"https:\/\/besttoursinmorocco.com\/es\/wp-json\/wp\/v2\/comments?post=4033"}],"version-history":[{"count":23,"href":"https:\/\/besttoursinmorocco.com\/es\/wp-json\/wp\/v2\/pages\/4033\/revisions"}],"predecessor-version":[{"id":10040,"href":"https:\/\/besttoursinmorocco.com\/es\/wp-json\/wp\/v2\/pages\/4033\/revisions\/10040"}],"wp:attachment":[{"href":"https:\/\/besttoursinmorocco.com\/es\/wp-json\/wp\/v2\/media?parent=4033"}],"curies":[{"name":"wp","href":"https:\/\/api.w.org\/{rel}","templated":true}]}}