{"id":6185,"date":"2024-10-31T11:27:14","date_gmt":"2024-10-31T11:27:14","guid":{"rendered":"https:\/\/besttoursinmorocco.com\/politica-de-cancelacion\/"},"modified":"2025-04-11T11:53:48","modified_gmt":"2025-04-11T11:53:48","slug":"politica-de-cancelacion","status":"publish","type":"page","link":"https:\/\/besttoursinmorocco.com\/es\/politica-de-cancelacion\/","title":{"rendered":"Pol\u00edtica de Cancelaci\u00f3n"},"content":{"rendered":"\t\t<div data-elementor-type=\"wp-page\" data-elementor-id=\"6185\" class=\"elementor elementor-6185 elementor-6173\" data-elementor-post-type=\"page\">\n\t\t\t\t<div class=\"elementor-element elementor-element-79fbf7c e-flex e-con-boxed e-con e-parent\" data-id=\"79fbf7c\" data-element_type=\"container\">\n\t\t\t\t\t<div class=\"e-con-inner\">\n\t\t\t\t<div class=\"elementor-element elementor-element-f66ed34 elementor-widget elementor-widget-heading\" data-id=\"f66ed34\" data-element_type=\"widget\" data-widget_type=\"heading.default\">\n\t\t\t\t<div class=\"elementor-widget-container\">\n\t\t\t\t\t<h1 class=\"elementor-heading-title elementor-size-default\">Pol\u00edtica de Cancelaci\u00f3n<\/h1>\t\t\t\t<\/div>\n\t\t\t\t<\/div>\n\t\t\t\t<div class=\"elementor-element elementor-element-2015c8d elementor-widget elementor-widget-text-editor\" data-id=\"2015c8d\" data-element_type=\"widget\" data-widget_type=\"text-editor.default\">\n\t\t\t\t<div class=\"elementor-widget-container\">\n\t\t\t\t\t\t\t\t\t<p>En <a href=\"https:\/\/besttoursinmorocco.com\/es\/\">Best Tours In Morocco<\/a>, entendemos que sus planes pueden cambiar, o puede que tenga que cancelar su reserva. Hemos preparado una pol\u00edtica para proteger a nuestros valiosos clientes y los intereses de nuestra empresa. Por favor, lea nuestra pol\u00edtica de cancelaci\u00f3n a continuaci\u00f3n antes de reservar.<\/p>\n<p><strong>Cancelaci\u00f3n anticipada:<\/strong><\/p>\n<p>Si cancela 15 d\u00edas antes de la fecha de su viaje, recibir\u00e1 un reembolso completo.<br \/>Cancelaci\u00f3n tard\u00eda:<\/p>\n<p>Si cancela entre 10 y 14 d\u00edas antes de la fecha de su viaje, recibir\u00e1 un reembolso parcial del 50% del importe de la reserva.<br \/>Si cancela dentro de los 9 d\u00edas anteriores a la fecha de su reserva, no tendr\u00e1 derecho a un reembolso completo. No obstante, podemos trabajar con usted si necesita ampliar la fecha del viaje o realizar alguna modificaci\u00f3n en el mismo. Su dep\u00f3sito seguir\u00e1 estando disponible para su uso futuro.<br \/>Cancelaci\u00f3n por parte del proveedor:<\/p>\n<p>Si, por cualquier motivo, tuvi\u00e9ramos que cancelar su reserva, se lo notificaremos lo antes posible y trabajaremos con usted para reprogramar, o recibir\u00e1 un reembolso completo. Gracias por su comprensi\u00f3n y por elegirnos.<\/p>\n\t\t\t\t\t\t\t\t<\/div>\n\t\t\t\t<\/div>\n\t\t\t\t<div class=\"elementor-element elementor-element-2b9020d elementor-widget elementor-widget-heading\" data-id=\"2b9020d\" data-element_type=\"widget\" data-widget_type=\"heading.default\">\n\t\t\t\t<div class=\"elementor-widget-container\">\n\t\t\t\t\t<h2 class=\"elementor-heading-title elementor-size-default\">C\u00f3mo Reservar<\/h2>\t\t\t\t<\/div>\n\t\t\t\t<\/div>\n\t\t\t\t<div class=\"elementor-element elementor-element-2c89cb6 elementor-widget elementor-widget-text-editor\" data-id=\"2c89cb6\" data-element_type=\"widget\" data-widget_type=\"text-editor.default\">\n\t\t\t\t<div class=\"elementor-widget-container\">\n\t\t\t\t\t\t\t\t\t<p>Para confirmar y asegurar su reserva se requiere un peque\u00f1o dep\u00f3sito que se puede pagar a trav\u00e9s de PayPal o transferencia bancaria durante el proceso de reserva, el saldo se paga en efectivo el primer d\u00eda de su viaje a su gu\u00eda o conductor, en euros, d\u00f3lares o dirhams.<\/p>\n\t\t\t\t\t\t\t\t<\/div>\n\t\t\t\t<\/div>\n\t\t\t\t\t<\/div>\n\t\t\t\t<\/div>\n\t\t\t\t<\/div>\n\t\t","protected":false},"excerpt":{"rendered":"<p>Pol\u00edtica de Cancelaci\u00f3n En Best Tours In Morocco, entendemos que sus planes pueden cambiar, o puede que tenga que cancelar su reserva. Hemos preparado una pol\u00edtica para proteger a nuestros valiosos clientes y los intereses de nuestra empresa. Por favor, lea nuestra pol\u00edtica de cancelaci\u00f3n a continuaci\u00f3n antes de reservar. Cancelaci\u00f3n anticipada: Si cancela 15 [&hellip;]<\/p>\n","protected":false},"author":1,"featured_media":0,"parent":0,"menu_order":0,"comment_status":"closed","ping_status":"closed","template":"","meta":{"footnotes":""},"class_list":["post-6185","page","type-page","status-publish","hentry"],"_links":{"self":[{"href":"https:\/\/besttoursinmorocco.com\/es\/wp-json\/wp\/v2\/pages\/6185","targetHints":{"allow":["GET"]}}],"collection":[{"href":"https:\/\/besttoursinmorocco.com\/es\/wp-json\/wp\/v2\/pages"}],"about":[{"href":"https:\/\/besttoursinmorocco.com\/es\/wp-json\/wp\/v2\/types\/page"}],"author":[{"embeddable":true,"href":"https:\/\/besttoursinmorocco.com\/es\/wp-json\/wp\/v2\/users\/1"}],"replies":[{"embeddable":true,"href":"https:\/\/besttoursinmorocco.com\/es\/wp-json\/wp\/v2\/comments?post=6185"}],"version-history":[{"count":19,"href":"https:\/\/besttoursinmorocco.com\/es\/wp-json\/wp\/v2\/pages\/6185\/revisions"}],"predecessor-version":[{"id":10039,"href":"https:\/\/besttoursinmorocco.com\/es\/wp-json\/wp\/v2\/pages\/6185\/revisions\/10039"}],"wp:attachment":[{"href":"https:\/\/besttoursinmorocco.com\/es\/wp-json\/wp\/v2\/media?parent=6185"}],"curies":[{"name":"wp","href":"https:\/\/api.w.org\/{rel}","templated":true}]}}