{"id":9733,"date":"2025-03-31T17:17:23","date_gmt":"2025-03-31T17:17:23","guid":{"rendered":"https:\/\/besttoursinmorocco.com\/tours-a-medida-por-marruecos\/"},"modified":"2025-05-10T14:35:14","modified_gmt":"2025-05-10T14:35:14","slug":"tours-a-medida-por-marruecos","status":"publish","type":"page","link":"https:\/\/besttoursinmorocco.com\/es\/tours-a-medida-por-marruecos\/","title":{"rendered":"Tours A Medida Por Marruecos"},"content":{"rendered":"\t\t<div data-elementor-type=\"wp-page\" data-elementor-id=\"9733\" class=\"elementor elementor-9733 elementor-9678\" data-elementor-post-type=\"page\">\n\t\t\t\t<div class=\"elementor-element elementor-element-48dd242 e-flex e-con-boxed e-con e-parent\" data-id=\"48dd242\" data-element_type=\"container\">\n\t\t\t\t\t<div class=\"e-con-inner\">\n\t\t<div class=\"elementor-element elementor-element-a77f5ed e-con-full e-flex e-con e-child\" data-id=\"a77f5ed\" data-element_type=\"container\">\n\t\t\t\t<div class=\"elementor-element elementor-element-43cab69 elementor-widget elementor-widget-heading\" data-id=\"43cab69\" data-element_type=\"widget\" data-widget_type=\"heading.default\">\n\t\t\t\t<div class=\"elementor-widget-container\">\n\t\t\t\t\t<h2 class=\"elementor-heading-title elementor-size-default\">Tours A Medida Por Marruecos<\/h2>\t\t\t\t<\/div>\n\t\t\t\t<\/div>\n\t\t\t\t<div class=\"elementor-element elementor-element-a842631 elementor-widget elementor-widget-text-editor\" data-id=\"a842631\" data-element_type=\"widget\" data-widget_type=\"text-editor.default\">\n\t\t\t\t<div class=\"elementor-widget-container\">\n\t\t\t\t\t\t\t\t\t<p class=\"\" data-start=\"0\" data-end=\"76\">Esta Es Tu Aventura. Nosotros Solo Estamos Aqu\u00ed Para Ayudarte A Darle Forma.<\/p>\n<p><\/p>\n<p class=\"\" data-start=\"78\" data-end=\"283\">Ya sea que sue\u00f1es con una luna de miel rom\u00e1ntica bajo las estrellas, un \u00e9pico road trip con amigos, una inmersi\u00f3n profunda en la cultura marroqu\u00ed o algo completamente \u00fanico, crearemos el viaje a tu medida.<\/p>\n<p><\/p>\n<p class=\"\" data-start=\"285\" data-end=\"417\">Te preguntaremos sobre tus intereses, estilo de viaje y fechas, y luego te haremos sugerencias basadas en lo que conocemos y amamos.<\/p>\n<p><\/p>\n<p class=\"\" data-start=\"419\" data-end=\"566\">Esto no es una experiencia r\u00e1pida y prefabricada. Nos tomamos el tiempo para dise\u00f1ar algo especial. Algo de lo que contar\u00e1s historias durante a\u00f1os.<\/p>\n\t\t\t\t\t\t\t\t<\/div>\n\t\t\t\t<\/div>\n\t\t\t\t<\/div>\n\t\t<div class=\"elementor-element elementor-element-948fb19 e-con-full e-flex e-con e-child\" data-id=\"948fb19\" data-element_type=\"container\">\n\t\t\t\t<div class=\"elementor-element elementor-element-2c18f7f elementor-widget elementor-widget-image\" data-id=\"2c18f7f\" data-element_type=\"widget\" data-widget_type=\"image.default\">\n\t\t\t\t<div class=\"elementor-widget-container\">\n\t\t\t\t\t\t\t\t\t\t\t\t\t\t\t<img fetchpriority=\"high\" decoding=\"async\" width=\"600\" height=\"600\" src=\"https:\/\/besttoursinmorocco.com\/wp-content\/uploads\/2025\/03\/Tailor-Made-Morocco-Tours.jpg\" class=\"attachment-large size-large wp-image-9681\" alt=\"Tailor-Made Morocco Tours\" srcset=\"https:\/\/besttoursinmorocco.com\/wp-content\/uploads\/2025\/03\/Tailor-Made-Morocco-Tours.jpg 600w, https:\/\/besttoursinmorocco.com\/wp-content\/uploads\/2025\/03\/Tailor-Made-Morocco-Tours-300x300.jpg 300w, https:\/\/besttoursinmorocco.com\/wp-content\/uploads\/2025\/03\/Tailor-Made-Morocco-Tours-150x150.jpg 150w\" sizes=\"(max-width: 600px) 100vw, 600px\" \/>\t\t\t\t\t\t\t\t\t\t\t\t\t\t\t<\/div>\n\t\t\t\t<\/div>\n\t\t\t\t<\/div>\n\t\t\t\t\t<\/div>\n\t\t\t\t<\/div>\n\t\t<div class=\"elementor-element elementor-element-86a72b4 e-flex e-con-boxed e-con e-parent\" data-id=\"86a72b4\" data-element_type=\"container\">\n\t\t\t\t\t<div class=\"e-con-inner\">\n\t\t<div class=\"elementor-element elementor-element-a6cda17 e-grid e-con-full e-con e-child\" data-id=\"a6cda17\" data-element_type=\"container\">\n\t\t<div class=\"elementor-element elementor-element-0159db5 e-con-full e-flex e-con e-child\" data-id=\"0159db5\" data-element_type=\"container\" data-settings=\"{&quot;background_background&quot;:&quot;classic&quot;}\">\n\t\t\t\t<div class=\"elementor-element elementor-element-df28e23 elementor-widget elementor-widget-heading\" data-id=\"df28e23\" data-element_type=\"widget\" data-widget_type=\"heading.default\">\n\t\t\t\t<div class=\"elementor-widget-container\">\n\t\t\t\t\t<h2 class=\"elementor-heading-title elementor-size-default\">\u00bfPor qu\u00e9 elegir un circuito personalizado?<\/h2>\t\t\t\t<\/div>\n\t\t\t\t<\/div>\n\t\t\t\t<div class=\"elementor-element elementor-element-644eb41 elementor-widget elementor-widget-text-editor\" data-id=\"644eb41\" data-element_type=\"widget\" data-widget_type=\"text-editor.default\">\n\t\t\t\t<div class=\"elementor-widget-container\">\n\t\t\t\t\t\t\t\t\t<ul>\n<li>Obtenga un itinerario personalizado dise\u00f1ado s\u00f3lo para usted.<\/li>\n<li>Disfrute de un horario flexible que se adapte a su ritmo.<\/li>\n<li>Disfrute de actividades exclusivas y joyas ocultas.<\/li>\n<li>Viaje con un gu\u00eda privado y un c\u00f3modo medio de transporte.<\/li>\n<li>C\u00e9ntrese en lo que m\u00e1s le interesa.<\/li>\n<\/ul>\n\t\t\t\t\t\t\t\t<\/div>\n\t\t\t\t<\/div>\n\t\t\t\t<\/div>\n\t\t<div class=\"elementor-element elementor-element-28dfce0 e-con-full e-flex e-con e-child\" data-id=\"28dfce0\" data-element_type=\"container\" data-settings=\"{&quot;background_background&quot;:&quot;classic&quot;}\">\n\t\t\t\t<div class=\"elementor-element elementor-element-ce22c07 elementor-widget elementor-widget-heading\" data-id=\"ce22c07\" data-element_type=\"widget\" data-widget_type=\"heading.default\">\n\t\t\t\t<div class=\"elementor-widget-container\">\n\t\t\t\t\t<h2 class=\"elementor-heading-title elementor-size-default\">C\u00f3mo funciona<\/h2>\t\t\t\t<\/div>\n\t\t\t\t<\/div>\n\t\t\t\t<div class=\"elementor-element elementor-element-ab4c88c elementor-widget elementor-widget-text-editor\" data-id=\"ab4c88c\" data-element_type=\"widget\" data-widget_type=\"text-editor.default\">\n\t\t\t\t<div class=\"elementor-widget-container\">\n\t\t\t\t\t\t\t\t\t<ul>\n<li>P\u00f3ngase en contacto con nosotros y comparta sus preferencias e ideas de viaje.<\/li>\n<li>Creamos un itinerario personalizado basado en sus intereses.<\/li>\n<li>Revise, ajuste y confirme su viaje perfecto.<\/li>\n<li>Rel\u00e1jese y disfrute de un viaje inolvidable.<\/li>\n<\/ul>\n\t\t\t\t\t\t\t\t<\/div>\n\t\t\t\t<\/div>\n\t\t\t\t<\/div>\n\t\t\t\t<\/div>\n\t\t\t\t<div class=\"elementor-element elementor-element-1ced3ec elementor-widget elementor-widget-heading\" data-id=\"1ced3ec\" data-element_type=\"widget\" data-widget_type=\"heading.default\">\n\t\t\t\t<div class=\"elementor-widget-container\">\n\t\t\t\t\t<h2 class=\"elementor-heading-title elementor-size-default\">Empiece hoy mismo el viaje de sus sue\u00f1os por Marruecos<\/h2>\t\t\t\t<\/div>\n\t\t\t\t<\/div>\n\t\t\t\t<div class=\"elementor-element elementor-element-53a999e elementor-widget elementor-widget-text-editor\" data-id=\"53a999e\" data-element_type=\"widget\" data-widget_type=\"text-editor.default\">\n\t\t\t\t<div class=\"elementor-widget-container\">\n\t\t\t\t\t\t\t\t\t<p>Su Marruecos, a su manera &#8211; \u00a1Comience a planearlo hoy mismo! P\u00f3ngase en contacto con nosotros hoy mismo para empezar a planificar su viaje perfecto a Marruecos.<\/p>\n\t\t\t\t\t\t\t\t<\/div>\n\t\t\t\t<\/div>\n\t\t\t\t<div class=\"elementor-element elementor-element-9676f20 elementor-button-align-stretch elementor-widget elementor-widget-form\" data-id=\"9676f20\" data-element_type=\"widget\" data-settings=\"{&quot;step_next_label&quot;:&quot;Siguiente&quot;,&quot;step_previous_label&quot;:&quot;Anterior&quot;,&quot;button_width&quot;:&quot;100&quot;,&quot;step_type&quot;:&quot;number_text&quot;,&quot;step_icon_shape&quot;:&quot;circle&quot;}\" data-widget_type=\"form.default\">\n\t\t\t\t<div class=\"elementor-widget-container\">\n\t\t\t\t\t\t\t<form class=\"elementor-form\" method=\"post\" name=\"Formulario de contacto\">\n\t\t\t<input type=\"hidden\" name=\"post_id\" value=\"9733\"\/>\n\t\t\t<input type=\"hidden\" name=\"form_id\" value=\"9676f20\"\/>\n\t\t\t<input type=\"hidden\" name=\"referer_title\" value=\"\" \/>\n\n\t\t\t\n\t\t\t<div class=\"elementor-form-fields-wrapper elementor-labels-above\">\n\t\t\t\t\t\t\t\t<div class=\"elementor-field-type-text elementor-field-group elementor-column elementor-field-group-name elementor-col-50 elementor-field-required elementor-mark-required\">\n\t\t\t\t\t\t\t\t\t\t\t\t<label for=\"form-field-name\" class=\"elementor-field-label\">\n\t\t\t\t\t\t\t\tPrimer Nombre\t\t\t\t\t\t\t<\/label>\n\t\t\t\t\t\t\t\t\t\t\t\t\t\t<input size=\"1\" type=\"text\" name=\"form_fields[name]\" id=\"form-field-name\" class=\"elementor-field elementor-size-sm  elementor-field-textual\" required=\"required\">\n\t\t\t\t\t\t\t\t\t\t\t<\/div>\n\t\t\t\t\t\t\t\t<div class=\"elementor-field-type-text elementor-field-group elementor-column elementor-field-group-field_d671041 elementor-col-50 elementor-field-required elementor-mark-required\">\n\t\t\t\t\t\t\t\t\t\t\t\t<label for=\"form-field-field_d671041\" class=\"elementor-field-label\">\n\t\t\t\t\t\t\t\tApellido\t\t\t\t\t\t\t<\/label>\n\t\t\t\t\t\t\t\t\t\t\t\t\t\t<input size=\"1\" type=\"text\" name=\"form_fields[field_d671041]\" id=\"form-field-field_d671041\" class=\"elementor-field elementor-size-sm  elementor-field-textual\" required=\"required\">\n\t\t\t\t\t\t\t\t\t\t\t<\/div>\n\t\t\t\t\t\t\t\t<div class=\"elementor-field-type-email elementor-field-group elementor-column elementor-field-group-email elementor-col-100 elementor-field-required elementor-mark-required\">\n\t\t\t\t\t\t\t\t\t\t\t\t<label for=\"form-field-email\" class=\"elementor-field-label\">\n\t\t\t\t\t\t\t\tEmail\t\t\t\t\t\t\t<\/label>\n\t\t\t\t\t\t\t\t\t\t\t\t\t\t<input size=\"1\" type=\"email\" name=\"form_fields[email]\" id=\"form-field-email\" class=\"elementor-field elementor-size-sm  elementor-field-textual\" required=\"required\">\n\t\t\t\t\t\t\t\t\t\t\t<\/div>\n\t\t\t\t\t\t\t\t<div class=\"elementor-field-type-number elementor-field-group elementor-column elementor-field-group-field_b931d91 elementor-col-50 elementor-field-required elementor-mark-required\">\n\t\t\t\t\t\t\t\t\t\t\t\t<label for=\"form-field-field_b931d91\" class=\"elementor-field-label\">\n\t\t\t\t\t\t\t\tN\u00famero de adultos\t\t\t\t\t\t\t<\/label>\n\t\t\t\t\t\t\t\t\t<input type=\"number\" name=\"form_fields[field_b931d91]\" id=\"form-field-field_b931d91\" class=\"elementor-field elementor-size-sm  elementor-field-textual\" required=\"required\" min=\"\" max=\"\" >\n\t\t\t\t\t\t<\/div>\n\t\t\t\t\t\t\t\t<div class=\"elementor-field-type-number elementor-field-group elementor-column elementor-field-group-field_e20fe5e elementor-col-50 elementor-field-required elementor-mark-required\">\n\t\t\t\t\t\t\t\t\t\t\t\t<label for=\"form-field-field_e20fe5e\" class=\"elementor-field-label\">\n\t\t\t\t\t\t\t\tN\u00famero de ni\u00f1os\t\t\t\t\t\t\t<\/label>\n\t\t\t\t\t\t\t\t\t<input type=\"number\" name=\"form_fields[field_e20fe5e]\" id=\"form-field-field_e20fe5e\" class=\"elementor-field elementor-size-sm  elementor-field-textual\" required=\"required\" min=\"\" max=\"\" >\n\t\t\t\t\t\t<\/div>\n\t\t\t\t\t\t\t\t<div class=\"elementor-field-type-date elementor-field-group elementor-column elementor-field-group-field_19cfc3b elementor-col-50 elementor-field-required elementor-mark-required\">\n\t\t\t\t\t\t\t\t\t\t\t\t<label for=\"form-field-field_19cfc3b\" class=\"elementor-field-label\">\n\t\t\t\t\t\t\t\tFecha de la gira\t\t\t\t\t\t\t<\/label>\n\t\t\t\t\t\t\n\t\t<input type=\"date\" name=\"form_fields[field_19cfc3b]\" id=\"form-field-field_19cfc3b\" class=\"elementor-field elementor-size-sm  elementor-field-textual elementor-date-field elementor-use-native\" placeholder=\"mes\/d\u00eda\/a\u00f1o\" required=\"required\" pattern=\"[0-9]{4}-[0-9]{2}-[0-9]{2}\">\n\t\t\t\t\t\t<\/div>\n\t\t\t\t\t\t\t\t<div class=\"elementor-field-type-text elementor-field-group elementor-column elementor-field-group-field_f2c3372 elementor-col-50 elementor-field-required elementor-mark-required\">\n\t\t\t\t\t\t\t\t\t\t\t\t<label for=\"form-field-field_f2c3372\" class=\"elementor-field-label\">\n\t\t\t\t\t\t\t\tPa\u00eds\t\t\t\t\t\t\t<\/label>\n\t\t\t\t\t\t\t\t\t\t\t\t\t\t<input size=\"1\" type=\"text\" name=\"form_fields[field_f2c3372]\" id=\"form-field-field_f2c3372\" class=\"elementor-field elementor-size-sm  elementor-field-textual\" required=\"required\">\n\t\t\t\t\t\t\t\t\t\t\t<\/div>\n\t\t\t\t\t\t\t\t<div class=\"elementor-field-type-textarea elementor-field-group elementor-column elementor-field-group-message elementor-col-100 elementor-field-required elementor-mark-required\">\n\t\t\t\t\t\t\t\t\t\t\t\t<label for=\"form-field-message\" class=\"elementor-field-label\">\n\t\t\t\t\t\t\t\tMensaje\t\t\t\t\t\t\t<\/label>\n\t\t\t\t\t\t<textarea class=\"elementor-field-textual elementor-field  elementor-size-sm\" name=\"form_fields[message]\" id=\"form-field-message\" rows=\"4\" placeholder=\"Fecha del viajeaCu\u00e9ntenos su viaje so\u00f1ado a Marruecos...\" required=\"required\"><\/textarea>\t\t\t\t<\/div>\n\t\t\t\t\t\t\t\t<div class=\"elementor-field-type-recaptcha elementor-field-group elementor-column elementor-field-group-field_31fb9da elementor-col-100\">\n\t\t\t\t\t<div class=\"elementor-field\" id=\"form-field-field_31fb9da\"><div class=\"elementor-g-recaptcha\" data-sitekey=\"6LeUTSIqAAAAAIqomA_yR8zdcpL2zfh2-TRJPvsH\" data-type=\"v2_checkbox\" data-theme=\"light\" data-size=\"normal\"><\/div><\/div>\t\t\t\t<\/div>\n\t\t\t\t\t\t\t\t<div class=\"elementor-field-group elementor-column elementor-field-type-submit elementor-col-100 e-form__buttons\">\n\t\t\t\t\t<button class=\"elementor-button elementor-size-sm\" type=\"submit\">\n\t\t\t\t\t\t<span class=\"elementor-button-content-wrapper\">\n\t\t\t\t\t\t\t\t\t\t\t\t\t\t\t\t\t\t\t\t\t\t<span class=\"elementor-button-text\">Enviar<\/span>\n\t\t\t\t\t\t\t\t\t\t\t\t\t<\/span>\n\t\t\t\t\t<\/button>\n\t\t\t\t<\/div>\n\t\t\t<\/div>\n\t\t<\/form>\n\t\t\t\t\t\t<\/div>\n\t\t\t\t<\/div>\n\t\t\t\t\t<\/div>\n\t\t\t\t<\/div>\n\t\t\t\t<\/div>\n\t\t","protected":false},"excerpt":{"rendered":"<p>Tours A Medida Por Marruecos Esta Es Tu Aventura. Nosotros Solo Estamos Aqu\u00ed Para Ayudarte A Darle Forma. Ya sea que sue\u00f1es con una luna de miel rom\u00e1ntica bajo las estrellas, un \u00e9pico road trip con amigos, una inmersi\u00f3n profunda en la cultura marroqu\u00ed o algo completamente \u00fanico, crearemos el viaje a tu medida. Te [&hellip;]<\/p>\n","protected":false},"author":1,"featured_media":0,"parent":0,"menu_order":0,"comment_status":"closed","ping_status":"closed","template":"","meta":{"footnotes":""},"class_list":["post-9733","page","type-page","status-publish","hentry"],"_links":{"self":[{"href":"https:\/\/besttoursinmorocco.com\/es\/wp-json\/wp\/v2\/pages\/9733","targetHints":{"allow":["GET"]}}],"collection":[{"href":"https:\/\/besttoursinmorocco.com\/es\/wp-json\/wp\/v2\/pages"}],"about":[{"href":"https:\/\/besttoursinmorocco.com\/es\/wp-json\/wp\/v2\/types\/page"}],"author":[{"embeddable":true,"href":"https:\/\/besttoursinmorocco.com\/es\/wp-json\/wp\/v2\/users\/1"}],"replies":[{"embeddable":true,"href":"https:\/\/besttoursinmorocco.com\/es\/wp-json\/wp\/v2\/comments?post=9733"}],"version-history":[{"count":8,"href":"https:\/\/besttoursinmorocco.com\/es\/wp-json\/wp\/v2\/pages\/9733\/revisions"}],"predecessor-version":[{"id":10618,"href":"https:\/\/besttoursinmorocco.com\/es\/wp-json\/wp\/v2\/pages\/9733\/revisions\/10618"}],"wp:attachment":[{"href":"https:\/\/besttoursinmorocco.com\/es\/wp-json\/wp\/v2\/media?parent=9733"}],"curies":[{"name":"wp","href":"https:\/\/api.w.org\/{rel}","templated":true}]}}